{"id":58,"date":"2012-06-06T13:54:17","date_gmt":"2012-06-06T13:54:17","guid":{"rendered":"http:\/\/www.ubaye-rupestre.fr\/site\/?page_id=58"},"modified":"2013-04-08T07:24:51","modified_gmt":"2013-04-08T07:24:51","slug":"legal","status":"publish","type":"page","link":"https:\/\/www.ubaye-rupestre.fr\/site\/legal\/","title":{"rendered":"L\u00e9gal"},"content":{"rendered":"<p>La reproduction totale ou partielle des textes et documents est r\u00e9serv\u00e9e.<br \/>\nAll rights reserved.<br \/>\nCopyright Jean-Fran\u00e7ois LETAVERNIER \/ UBAYE-RUPESTRE<\/p>\n<p>&nbsp;<\/p>\n<p>&nbsp;<\/p>\n<p>&nbsp;<\/p>\n","protected":false},"excerpt":{"rendered":"<p>La reproduction totale ou partielle des textes et documents est r\u00e9serv\u00e9e. All rights reserved. Copyright Jean-Fran\u00e7ois LETAVERNIER \/ UBAYE-RUPESTRE &nbsp; &nbsp; &nbsp;<\/p>\n","protected":false},"author":1,"featured_media":0,"parent":0,"menu_order":0,"comment_status":"closed","ping_status":"open","template":"","meta":{"footnotes":""},"class_list":["post-58","page","type-page","status-publish","hentry"],"_links":{"self":[{"href":"https:\/\/www.ubaye-rupestre.fr\/site\/wp-json\/wp\/v2\/pages\/58","targetHints":{"allow":["GET"]}}],"collection":[{"href":"https:\/\/www.ubaye-rupestre.fr\/site\/wp-json\/wp\/v2\/pages"}],"about":[{"href":"https:\/\/www.ubaye-rupestre.fr\/site\/wp-json\/wp\/v2\/types\/page"}],"author":[{"embeddable":true,"href":"https:\/\/www.ubaye-rupestre.fr\/site\/wp-json\/wp\/v2\/users\/1"}],"replies":[{"embeddable":true,"href":"https:\/\/www.ubaye-rupestre.fr\/site\/wp-json\/wp\/v2\/comments?post=58"}],"version-history":[{"count":2,"href":"https:\/\/www.ubaye-rupestre.fr\/site\/wp-json\/wp\/v2\/pages\/58\/revisions"}],"predecessor-version":[{"id":431,"href":"https:\/\/www.ubaye-rupestre.fr\/site\/wp-json\/wp\/v2\/pages\/58\/revisions\/431"}],"wp:attachment":[{"href":"https:\/\/www.ubaye-rupestre.fr\/site\/wp-json\/wp\/v2\/media?parent=58"}],"curies":[{"name":"wp","href":"https:\/\/api.w.org\/{rel}","templated":true}]}}