{"id":43,"date":"2012-06-06T13:21:40","date_gmt":"2012-06-06T13:21:40","guid":{"rendered":"http:\/\/www.ubaye-rupestre.fr\/site\/?page_id=43"},"modified":"2025-02-02T10:40:07","modified_gmt":"2025-02-02T10:40:07","slug":"bienvenue","status":"publish","type":"page","link":"https:\/\/www.ubaye-rupestre.fr\/site\/","title":{"rendered":"Bienvenue"},"content":{"rendered":"<p style=\"text-align: center;\"><span style=\"color: #993300;\"><strong>MISE A JOUR &#8211; FEVRIER 2025<br \/>\n<\/strong><\/span><\/p>\n<p style=\"text-align: center;\">L&rsquo;objectif de ce site est de vous faire d\u00e9couvrir un \u00e9l\u00e9ment du patrimoine, m\u00e9connu, discret, fragile et participer \u00e0 son inventaire,sa protection, son analyse pour en d\u00e9gager sa signification , ses apports \u00e0 l&rsquo;histoire et aux traditions d&rsquo;une Vall\u00e9e.<\/p>\n<p style=\"text-align: center;\"><a href=\"https:\/\/www.ubaye-rupestre.fr\/site\/bienvenue\/ub8-0\/\" rel=\"attachment wp-att-44\"><img loading=\"lazy\" decoding=\"async\" class=\"aligncenter size-full wp-image-44\" title=\"UB8-0\" src=\"https:\/\/www.ubaye-rupestre.fr\/site\/wp-content\/uploads\/2012\/06\/UB8-0.jpg\" alt=\"\" width=\"640\" height=\"480\" srcset=\"https:\/\/www.ubaye-rupestre.fr\/site\/wp-content\/uploads\/2012\/06\/UB8-0.jpg 640w, https:\/\/www.ubaye-rupestre.fr\/site\/wp-content\/uploads\/2012\/06\/UB8-0-400x300.jpg 400w\" sizes=\"auto, (max-width: 640px) 100vw, 640px\" \/><\/a>CHERS VISITEURS\u00a0!<br \/>\nCe petit patrimoine est particuli\u00e8rement fragile, il est inutile et<br \/>\ndestructeur de tenter de surligner ce qui est peu lisible au crayon, \u00e0 la craie<br \/>\nEt comme la structure des roches est tr\u00e8s fragile , toute tentative d&rsquo;extraction se traduirait par la destruction du document.<br \/>\nUtilisez l&rsquo;\u00e9clairage du soleil et les ressources de votre appareil photo num\u00e9rique\u00a0!.<br \/>\nMERCI<\/p>\n<p style=\"text-align: center;\"><span style=\"color: #826540;\"><em>DEAR VISITORS<\/em><\/span><br \/>\n<span style=\"color: #826540;\"> <em>This is a\u00a0 fragile heritage, please avoid to underline with chalk or lead-pencil, this is useless and destructive.<\/em><\/span><br \/>\n<span style=\"color: #826540;\"> <em>Any\u00a0 extraction attempt would destroy the document due to rock support weakness<\/em><\/span><br \/>\n<span style=\"color: #826540;\"> <em>Please use adequate sunlight conditions and optimise the use of your\u00a0 digital camera\u00a0!<\/em><\/span><br \/>\n<span style=\"color: #826540;\"> <em>THANKS<\/em><\/span><\/p>\n<p style=\"text-align: center;\">La berg\u00e8re dite \u00ab\u00a0Elisa\u00a0\u00bb vous accompagnera tout au long de cette \u00ab\u00a0promenade\u00a0\u00bb<a href=\"https:\/\/www.ubaye-rupestre.fr\/site\/les-gravures-rupestres-de-lubaye\/\"><img loading=\"lazy\" decoding=\"async\" class=\"aligncenter size-full wp-image-127\" title=\"next\" src=\"https:\/\/www.ubaye-rupestre.fr\/site\/wp-content\/uploads\/2012\/06\/next-1501.gif\" alt=\"\" width=\"150\" height=\"67\" \/><\/a><span style=\"color: #826540;\"><em>Your travel companion during this \u00ab\u00a0promenade\u00a0\u00bb in petroglyphs will be shepherdess \u00ab\u00a0Elisa\u00a0\u00bb<\/em><\/span><\/p>\n<menu id=\"fcltHTML5Menu1\" type=\"context\"><\/menu>\n<menu id=\"fcltHTML5Menu1\" type=\"context\"><\/menu>\n<menu id=\"fcltHTML5Menu1\" type=\"context\"><\/menu>\n","protected":false},"excerpt":{"rendered":"<p>MISE A JOUR &#8211; FEVRIER 2025 L&rsquo;objectif de ce site est de vous faire d\u00e9couvrir un \u00e9l\u00e9ment du patrimoine, m\u00e9connu, discret, fragile et participer \u00e0 son inventaire,sa protection, son analyse pour en d\u00e9gager sa signification , ses apports \u00e0 l&rsquo;histoire &hellip; <a href=\"https:\/\/www.ubaye-rupestre.fr\/site\/\">Continuer la lecture <span class=\"meta-nav\">&rarr;<\/span><\/a><\/p>\n","protected":false},"author":1,"featured_media":0,"parent":0,"menu_order":0,"comment_status":"closed","ping_status":"open","template":"showcase.php","meta":{"footnotes":""},"class_list":["post-43","page","type-page","status-publish","hentry"],"_links":{"self":[{"href":"https:\/\/www.ubaye-rupestre.fr\/site\/wp-json\/wp\/v2\/pages\/43","targetHints":{"allow":["GET"]}}],"collection":[{"href":"https:\/\/www.ubaye-rupestre.fr\/site\/wp-json\/wp\/v2\/pages"}],"about":[{"href":"https:\/\/www.ubaye-rupestre.fr\/site\/wp-json\/wp\/v2\/types\/page"}],"author":[{"embeddable":true,"href":"https:\/\/www.ubaye-rupestre.fr\/site\/wp-json\/wp\/v2\/users\/1"}],"replies":[{"embeddable":true,"href":"https:\/\/www.ubaye-rupestre.fr\/site\/wp-json\/wp\/v2\/comments?post=43"}],"version-history":[{"count":60,"href":"https:\/\/www.ubaye-rupestre.fr\/site\/wp-json\/wp\/v2\/pages\/43\/revisions"}],"predecessor-version":[{"id":1566,"href":"https:\/\/www.ubaye-rupestre.fr\/site\/wp-json\/wp\/v2\/pages\/43\/revisions\/1566"}],"wp:attachment":[{"href":"https:\/\/www.ubaye-rupestre.fr\/site\/wp-json\/wp\/v2\/media?parent=43"}],"curies":[{"name":"wp","href":"https:\/\/api.w.org\/{rel}","templated":true}]}}