{"id":144,"date":"2012-08-19T10:02:45","date_gmt":"2012-08-19T10:02:45","guid":{"rendered":"http:\/\/www.ubaye-rupestre.fr\/site\/?p=144"},"modified":"2025-02-02T09:44:45","modified_gmt":"2025-02-02T09:44:45","slug":"art-rupestre-historique","status":"publish","type":"page","link":"https:\/\/www.ubaye-rupestre.fr\/site\/art-rupestre-historique\/","title":{"rendered":"Art Rupestre Historique"},"content":{"rendered":"<p><strong>L&rsquo;EVOLUTION DES TRACES<\/strong><\/p>\n<p>Les traces incontestables apparaissent au 16e si\u00e8cle, t\u00e9moin, ce calvaire \u00e0 la croix tr\u00e9fl\u00e9e,dat\u00e9 de 1560 et encadr\u00e9 de cupules ou de perles.<strong>Fig 16<\/strong><\/p>\n<p style=\"text-align: center;\"><a href=\"https:\/\/www.ubaye-rupestre.fr\/site\/guerre-de-la-liberte-war-for-liberty\/img_8182\/\" rel=\"attachment wp-att-199\"><img loading=\"lazy\" decoding=\"async\" class=\"aligncenter size-medium wp-image-199\" title=\"img_8182\" src=\"https:\/\/www.ubaye-rupestre.fr\/site\/wp-content\/uploads\/2012\/01\/img_8182-640x480.jpg\" alt=\"\" width=\"640\" height=\"480\" srcset=\"https:\/\/www.ubaye-rupestre.fr\/site\/wp-content\/uploads\/2012\/01\/img_8182-640x480.jpg 640w, https:\/\/www.ubaye-rupestre.fr\/site\/wp-content\/uploads\/2012\/01\/img_8182-400x300.jpg 400w, https:\/\/www.ubaye-rupestre.fr\/site\/wp-content\/uploads\/2012\/01\/img_8182.jpg 1024w\" sizes=\"auto, (max-width: 640px) 100vw, 640px\" \/><\/a><strong>A PROPOS DE L&rsquo;ESTHETIQUE DES GRAVURES:<\/strong><\/p>\n<p>Quand nos contemporains veulent \u00ab faire joli \u00bb, on court en g\u00e9n\u00e9ral au d\u00e9sastre. Les gravures de ces vall\u00e9es montrent le plus souvent un bon go\u00fbt probablement li\u00e9 \u00e0 leur simplicit\u00e9.<\/p>\n<p><span style=\"color: #826640;\"><em> First reliable traces appear in 16<\/em><sup><em>th<\/em><\/sup><em> century as shows this engraving of a calvary with pearls as a frame.<\/em><\/span><\/p>\n<p><span style=\"color: #826540;\"><em>When contemporary people want to produce something \u00ab nice \u00bb, it is generally a disaster.<\/em><\/span><\/p>\n<p><span style=\"color: #826540;\"><em>Since old ages , till now, most engravings in these valleys show good taste, probably linked to their simplicity.<\/em><\/span><\/p>\n<p><strong>CETTE EVOLUTION DU NOMBRE DES GRAVURES EST-ELLE EXPLICABLE?<\/strong><\/p>\n<p>Il est difficile de faire la part des diverses hypoth\u00e8ses envisageables :<\/p>\n<p><strong>*<\/strong>la disparition possible des gravures les plus anciennes sous l&rsquo;effet de l&rsquo; \u00e9rosion.Il est en effet remarquable de constater que la qualit\u00e9 du support rocheux, sa stabilit\u00e9 sa vulnerabilit\u00e9 aux ph\u00e9nom\u00e8nes de solifluxion n&rsquo;est prise en compte qu&rsquo;exceptionnellement par le graveur<\/p>\n<p><strong>*<\/strong>l&rsquo;acc\u00e8s plus facile et plus s\u00fbr aux espaces montagnards, au fil des si\u00e8cles<\/p>\n<p><strong>*<\/strong>l&rsquo; \u00e9mergence du besoin comm\u00e9moratif : ces documents ne pr\u00e9sentent pas de caract\u00e8re de culte, d&rsquo;ex-voto ; ils ne sont g\u00e9n\u00e9ralement pas anonymes et le plus souvent, dat\u00e9s et d&rsquo;une mani\u00e8re g\u00e9n\u00e9rale , ils sont distincts des grands groupes de traces rupestres connus \u00e0 ce jour.<\/p>\n<p>Le 18 e si\u00e8cle voit l&rsquo;explosion du nombre des gravures, pour culminer au 19e si\u00e8cle et se poursuivre jusqu&rsquo;\u00e0 nos jours avec une cr\u00e9ativit\u00e9 et une libert\u00e9 croissantes.<\/p>\n<p><span style=\"font-size: x-small;\"><strong>Ce document r\u00e9alis\u00e9 au couteau fait partie d&rsquo;un ensemble complexe r\u00e9alis\u00e9 a la fin du si\u00e8cle dernier. Fig 17<a href=\"https:\/\/www.ubaye-rupestre.fr\/site\/guerre-de-la-liberte-war-for-liberty\/p1040886\/\" rel=\"attachment wp-att-200\"><img loading=\"lazy\" decoding=\"async\" class=\"aligncenter size-medium wp-image-200\" title=\"P1040886\" src=\"https:\/\/www.ubaye-rupestre.fr\/site\/wp-content\/uploads\/2012\/01\/P1040886-640x479.jpg\" alt=\"\" width=\"640\" height=\"479\" srcset=\"https:\/\/www.ubaye-rupestre.fr\/site\/wp-content\/uploads\/2012\/01\/P1040886-640x479.jpg 640w, https:\/\/www.ubaye-rupestre.fr\/site\/wp-content\/uploads\/2012\/01\/P1040886-400x300.jpg 400w, https:\/\/www.ubaye-rupestre.fr\/site\/wp-content\/uploads\/2012\/01\/P1040886.jpg 1023w\" sizes=\"auto, (max-width: 640px) 100vw, 640px\" \/><\/a><\/strong><\/span><\/p>\n<p style=\"text-align: center;\"><strong>\u00ab\u00a0Et\u00e9 2000<\/strong><\/p>\n<p style=\"text-align: center;\"><strong>Massil<\/strong><\/p>\n<p style=\"text-align: center;\"><strong>Petit gar\u00e7on<\/strong><\/p>\n<p style=\"text-align: center;\"><strong>Pendant quatre \u00e9t\u00e9s<\/strong><\/p>\n<p style=\"text-align: center;\"><strong>Nous les plantes, les fleurs<\/strong><\/p>\n<p style=\"text-align: center;\"><strong>Les b\u00eates et les roches<\/strong><\/p>\n<p style=\"text-align: center;\"><strong>T&rsquo;avons vu grandir sous le ciel<\/strong><\/p>\n<p style=\"text-align: center;\"><strong>De cette montagne<\/strong><\/p>\n<p style=\"text-align: center;\"><strong>Alors, \u00e0 bient\u00f4t parmi nous !\u00a0\u00bb<\/strong><\/p>\n<p><span style=\"font-size: x-small;\"><strong>Pour m\u00e9moire Massilia \u00e9tait le nom grec de Marseille.<\/strong><\/span><\/p>\n<p><span style=\"color: #826640;\"><em>It is difficult to choose the most pertinent hypothesis between :<\/em><\/span><\/p>\n<p><span style=\"color: #826640;\"><em>-Erosion disintegration of oldest traces.<\/em> <em>Curiously most of engravers do not take care of rock quality, stability and sensitivity to solifluxion mechanisms.<\/em><\/span><\/p>\n<p><span style=\"color: #826640;\"><em>-Easier and safer access to the mountain area in modern era.<\/em><\/span><\/p>\n<p><span style=\"color: #826640;\"><em>-Emergence of commemoration urge : these documents are not related to any religious practice as \u00ab ex-voto \u00bb,they are generally non anonymous,and, most of the time they bear a date ; generally speaking they are distinct from main known clusters of engravings.<\/em><\/span><\/p>\n<p><span style=\"color: #826640;\"><em>\u00ab Explosion \u00bb of the number of engravings started at the 18<\/em><sup><em>th<\/em><\/sup><em> century,, reaching a maximum during the 19<\/em><sup><em>th<\/em><\/sup><em> century and continuation during 20<\/em><sup><em>th<\/em><\/sup><em> century with increasing liberty and creativity.<\/em><\/span><\/p>\n<p style=\"text-align: center;\"><strong>TYPOLOGIE DES TRACES <\/strong><\/p>\n<p><span style=\"font-size: x-small;\"><strong>Un nombre important de traces comportent un cartouche qui se termine par un to\u00eet en b\u00e2ti\u00e8re generalement surmont\u00e9 d&rsquo;une croix, \u00e0 l&rsquo;image d&rsquo;un oratoire ou d&rsquo;une chapelle.La croix est pratiquement le seul symbole religieux utilis\u00e9, un seul IHS et un seul calice, ont \u00e9t\u00e9 recens\u00e9s sur 6000 traces.<\/strong><\/span><\/p>\n<p><span style=\"font-size: x-small;\"><strong>Parfois cette croix est \u00e9toil\u00e9e : Joseph Ovide CAIRE :Fig 18<br \/>\n<\/strong><\/span><\/p>\n<p><a href=\"https:\/\/www.ubaye-rupestre.fr\/site\/guerre-de-la-liberte-war-for-liberty\/p1070418\/\" rel=\"attachment wp-att-201\"><img loading=\"lazy\" decoding=\"async\" class=\"aligncenter size-medium wp-image-201\" title=\"P1070418\" src=\"https:\/\/www.ubaye-rupestre.fr\/site\/wp-content\/uploads\/2012\/01\/P1070418-480x640.jpg\" alt=\"\" width=\"480\" height=\"640\" srcset=\"https:\/\/www.ubaye-rupestre.fr\/site\/wp-content\/uploads\/2012\/01\/P1070418-480x640.jpg 480w, https:\/\/www.ubaye-rupestre.fr\/site\/wp-content\/uploads\/2012\/01\/P1070418-768x1024.jpg 768w, https:\/\/www.ubaye-rupestre.fr\/site\/wp-content\/uploads\/2012\/01\/P1070418-225x300.jpg 225w, https:\/\/www.ubaye-rupestre.fr\/site\/wp-content\/uploads\/2012\/01\/P1070418.jpg 1024w\" sizes=\"auto, (max-width: 480px) 100vw, 480px\" \/><\/a><\/p>\n<p>De simples initiales, on passe au nom associ\u00e9 ou non au pr\u00e9nom et \u00e0 la date.<\/p>\n<p><a href=\"https:\/\/www.ubaye-rupestre.fr\/site\/guerre-de-la-liberte-war-for-liberty\/131-132\/\" rel=\"attachment wp-att-202\"><img loading=\"lazy\" decoding=\"async\" class=\"aligncenter size-medium wp-image-202\" title=\"131-132\" src=\"https:\/\/www.ubaye-rupestre.fr\/site\/wp-content\/uploads\/2012\/01\/131-132-640x480.jpg\" alt=\"\" width=\"640\" height=\"480\" srcset=\"https:\/\/www.ubaye-rupestre.fr\/site\/wp-content\/uploads\/2012\/01\/131-132-640x480.jpg 640w, https:\/\/www.ubaye-rupestre.fr\/site\/wp-content\/uploads\/2012\/01\/131-132-400x300.jpg 400w, https:\/\/www.ubaye-rupestre.fr\/site\/wp-content\/uploads\/2012\/01\/131-132.jpg 1024w\" sizes=\"auto, (max-width: 640px) 100vw, 640px\" \/><\/a><span style=\"font-size: x-small;\"><strong>Les aiguilles de m\u00e9l\u00e8ze donnent l&rsquo;\u00e9chelle de ces initiales g\u00e9antes, le plus souvent les gravures sont de petite taille . (photo E.Imbert)Fig 19<br \/>\n<\/strong><\/span><\/p>\n<p>Progressivement l&rsquo;\u00e9l\u00e9ment temporel devient de plus en plus important.<\/p>\n<p><span style=\"font-size: x-small;\"><strong>Le \u00ab repentir \u00bb de Jules Tarditti qui insiste sur son \u00e2ge :Fig 20<br \/>\n<\/strong><\/span><\/p>\n<p style=\"text-align: center;\"><a href=\"https:\/\/www.ubaye-rupestre.fr\/site\/guerre-de-la-liberte-war-for-liberty\/p1060912\/\" rel=\"attachment wp-att-203\"><img loading=\"lazy\" decoding=\"async\" class=\"aligncenter  wp-image-203\" title=\"P1060912\" src=\"https:\/\/www.ubaye-rupestre.fr\/site\/wp-content\/uploads\/2012\/01\/P1060912-480x640.jpg\" alt=\"\" width=\"480\" height=\"640\" srcset=\"https:\/\/www.ubaye-rupestre.fr\/site\/wp-content\/uploads\/2012\/01\/P1060912-480x640.jpg 480w, https:\/\/www.ubaye-rupestre.fr\/site\/wp-content\/uploads\/2012\/01\/P1060912-225x300.jpg 225w, https:\/\/www.ubaye-rupestre.fr\/site\/wp-content\/uploads\/2012\/01\/P1060912.jpg 763w\" sizes=\"auto, (max-width: 480px) 100vw, 480px\" \/><\/a><strong>\u00ab\u00a0JULES<\/strong><\/p>\n<p style=\"text-align: center;\"><strong>ag\u00e9s de 19 ANS<\/strong><\/p>\n<p style=\"text-align: center;\"><strong>TARDITTI<\/strong><\/p>\n<p style=\"text-align: center;\"><strong>1925<\/strong><\/p>\n<p style=\"text-align: center;\"><strong>Jules<\/strong>\u00ab\u00a0<\/p>\n<p><span style=\"font-size: x-small;\"><strong>Le rendu en fausses couleurs permet de visualiser l&rsquo;aspect cord\u00e9 du trac\u00e9 obtenu a l&rsquo;aide de cupules confluentes<\/strong><\/span><\/p>\n<p>Puis apparaissent les maximes et la mention d&rsquo;\u00e9v\u00e8nements historiques.Paradoxalement les traces \u00e0 caract\u00e8re politique sont rares:\u00ab VIVE LE ROI \u00bb-\u00ab VIVE LA REPUBLIQUE \u00bb-\u00ab LA ITALIA FARA DA SE \u00bb-\u00ab VIVA IL DUCE \u00bb, sont pratiquement les seules traces retrouv\u00e9es jusqu&rsquo;\u00e0 pr\u00e9sent.<br \/>\nCes deux derni\u00e8res cat\u00e9gories de documents illustrent l&rsquo;\u00e9volution dans laquelle la gravure passe du \u00ab clin d&rsquo;oeil \u00bb aux proches et aux coll\u00e8gues \u00e0 une affirmation destin\u00e9e de fa\u00e7on encore impr\u00e9cise aux \u00ab \u00e9trangers \u00bb et peut-\u00eatre aux descendants et passants du futur.<\/p>\n<p><span style=\"font-size: x-small;\"><strong>Autre repentir : l&rsquo;auteur a pr\u00e9cis\u00e9 qu&rsquo;il \u00e9tait \u00e2g\u00e9 de 30 \u00abanne \u00bbFig 21<br \/>\n<\/strong><\/span><\/p>\n<p><a href=\"https:\/\/www.ubaye-rupestre.fr\/site\/guerre-de-la-liberte-war-for-liberty\/147-151\/\" rel=\"attachment wp-att-204\"><img loading=\"lazy\" decoding=\"async\" class=\"aligncenter size-medium wp-image-204\" title=\"147-151\" src=\"https:\/\/www.ubaye-rupestre.fr\/site\/wp-content\/uploads\/2012\/01\/147-151-640x462.jpg\" alt=\"\" width=\"640\" height=\"462\" srcset=\"https:\/\/www.ubaye-rupestre.fr\/site\/wp-content\/uploads\/2012\/01\/147-151-640x462.jpg 640w, https:\/\/www.ubaye-rupestre.fr\/site\/wp-content\/uploads\/2012\/01\/147-151-415x300.jpg 415w, https:\/\/www.ubaye-rupestre.fr\/site\/wp-content\/uploads\/2012\/01\/147-151.jpg 1024w\" sizes=\"auto, (max-width: 640px) 100vw, 640px\" \/><\/a><\/p>\n<p>L&#8217;emploi de symboles et dessins reste discret, mais pr\u00e9sente paradoxalement une grande vari\u00e9t\u00e9.Temoin cette \u00ab Arche de No\u00e9 \u00bb dont le fa\u00eetage porte une croix.<strong>Fig 22<\/strong><a href=\"https:\/\/www.ubaye-rupestre.fr\/site\/guerre-de-la-liberte-war-for-liberty\/112-116\/\" rel=\"attachment wp-att-205\"><img loading=\"lazy\" decoding=\"async\" class=\"aligncenter size-medium wp-image-205\" title=\"112-116\" src=\"https:\/\/www.ubaye-rupestre.fr\/site\/wp-content\/uploads\/2012\/01\/112-116-640x391.jpg\" alt=\"\" width=\"640\" height=\"391\" srcset=\"https:\/\/www.ubaye-rupestre.fr\/site\/wp-content\/uploads\/2012\/01\/112-116-640x391.jpg 640w, https:\/\/www.ubaye-rupestre.fr\/site\/wp-content\/uploads\/2012\/01\/112-116-1024x626.jpg 1024w, https:\/\/www.ubaye-rupestre.fr\/site\/wp-content\/uploads\/2012\/01\/112-116-490x300.jpg 490w, https:\/\/www.ubaye-rupestre.fr\/site\/wp-content\/uploads\/2012\/01\/112-116.jpg 1025w\" sizes=\"auto, (max-width: 640px) 100vw, 640px\" \/><\/a><\/p>\n<p>Puis la calligraphie deviedra de plus en plus importante :<strong>Fig 23<\/strong><\/p>\n<p><a href=\"https:\/\/www.ubaye-rupestre.fr\/site\/guerre-de-la-liberte-war-for-liberty\/attachment\/89\/\" rel=\"attachment wp-att-206\"><img loading=\"lazy\" decoding=\"async\" class=\"aligncenter size-medium wp-image-206\" title=\"89\" src=\"https:\/\/www.ubaye-rupestre.fr\/site\/wp-content\/uploads\/2012\/01\/89-640x426.jpg\" alt=\"\" width=\"640\" height=\"426\" srcset=\"https:\/\/www.ubaye-rupestre.fr\/site\/wp-content\/uploads\/2012\/01\/89-640x426.jpg 640w, https:\/\/www.ubaye-rupestre.fr\/site\/wp-content\/uploads\/2012\/01\/89-450x300.jpg 450w, https:\/\/www.ubaye-rupestre.fr\/site\/wp-content\/uploads\/2012\/01\/89.jpg 1024w\" sizes=\"auto, (max-width: 640px) 100vw, 640px\" \/><\/a><\/p>\n<p><span style=\"font-size: x-small;\"><strong>Les martelages ont rarement cette pr\u00e9cision et cette qualit\u00e9, une fois de plus la non plan\u00e9it\u00e9 du support ne semble pas g\u00eaner le graveur.<\/strong><\/span><\/p>\n<p><span style=\"font-size: x-small;\"><strong> Autre exemple de la virtuosit\u00e9 du graveur, ce relev\u00e9 correspond \u00e0 une trace en voie de disparition.Fig 24<br \/>\n<\/strong><\/span><\/p>\n<p><a href=\"https:\/\/www.ubaye-rupestre.fr\/site\/guerre-de-la-liberte-war-for-liberty\/attachment\/91\/\" rel=\"attachment wp-att-207\"><img loading=\"lazy\" decoding=\"async\" class=\"aligncenter size-medium wp-image-207\" title=\"91\" src=\"https:\/\/www.ubaye-rupestre.fr\/site\/wp-content\/uploads\/2012\/01\/91-640x451.jpg\" alt=\"\" width=\"640\" height=\"451\" srcset=\"https:\/\/www.ubaye-rupestre.fr\/site\/wp-content\/uploads\/2012\/01\/91-640x451.jpg 640w, https:\/\/www.ubaye-rupestre.fr\/site\/wp-content\/uploads\/2012\/01\/91-425x300.jpg 425w, https:\/\/www.ubaye-rupestre.fr\/site\/wp-content\/uploads\/2012\/01\/91.jpg 1019w\" sizes=\"auto, (max-width: 640px) 100vw, 640px\" \/><\/a>Une telle analyse est critiquable, faute de contradicteurs fiables et surtout , disponibles :si la trace grav\u00e9e est incontestable, sa datation peut tr\u00e8s largement \u00eatre entach\u00e9e d&rsquo;erreur : un martelage moderne peut coexister avec une incision tr\u00e8s ancienne. L&rsquo;interpr\u00e9tation \u00e0 la lumi\u00e8re de nos connaissances actuelles de documents \u00e9labor\u00e9s ,\u00e0 l&rsquo;\u00e9vidence dans un contexte diff\u00e9rent ,est p\u00e9rilleuse, mais c&rsquo;est l\u00e0 que l&rsquo;accumulation des observations en nombre significatif permet une approche raisonn\u00e9e.<\/p>\n<p><strong>Voir : III-ORIGINALITE DU PATRIMOINE GRAVE UBAYEN<\/strong><\/p>\n<p><span style=\"color: #826640;\"><em>This analytical work requires the availability of a number of documents.From simple initials, we moved to the name with eventually the surname and date.Slowly the temporal element becomes more and more important.Then appear maxims and sentences about historical events.Paradoxically ,political statements are rare.These two last categories show the evolution from the \u00ab clin d&rsquo;oeil \u00bb=wink, towards friends ;to some statement possibly dedicated to foreigners, descendants and future visitors.<\/em><\/span><\/p>\n<p><span style=\"color: #826640;\"><em>The use of symbols and drawings is not so frequent but exhibits a broad variety.<\/em><\/span><\/p>\n<p><span style=\"color: #826640;\"><em>Calligraphy appears more and more important.<\/em><\/span><\/p>\n<p><span style=\"color: #826640;\"><em>Such analysis is open to criticism as,if the incision cannot be contested, its date may be erroneous :a modern hammering can coexist with older incisions. Interpretation ,using our actual knowledge,of documents produced by people living in a completely different context is hazardous.Only the careful work on large quantities of documents may allow a realistic approach. <\/em><\/span><\/p>\n<p style=\"text-align: center;\"><a href=\"https:\/\/www.ubaye-rupestre.fr\/site\/236\/\"><img loading=\"lazy\" decoding=\"async\" class=\"aligncenter size-full wp-image-122\" title=\"next\" src=\"https:\/\/www.ubaye-rupestre.fr\/site\/wp-content\/uploads\/2012\/06\/next-150.gif\" alt=\"\" width=\"150\" height=\"67\" \/><\/a><\/p>\n","protected":false},"excerpt":{"rendered":"<p>L&rsquo;EVOLUTION DES TRACES Les traces incontestables apparaissent au 16e si\u00e8cle, t\u00e9moin, ce calvaire \u00e0 la croix tr\u00e9fl\u00e9e,dat\u00e9 de 1560 et encadr\u00e9 de cupules ou de perles.Fig 16 A PROPOS DE L&rsquo;ESTHETIQUE DES GRAVURES: Quand nos contemporains veulent \u00ab faire joli &hellip; <a href=\"https:\/\/www.ubaye-rupestre.fr\/site\/art-rupestre-historique\/\">Continuer la lecture <span class=\"meta-nav\">&rarr;<\/span><\/a><\/p>\n","protected":false},"author":2,"featured_media":0,"parent":0,"menu_order":0,"comment_status":"closed","ping_status":"open","template":"","meta":{"footnotes":""},"class_list":["post-144","page","type-page","status-publish","hentry"],"_links":{"self":[{"href":"https:\/\/www.ubaye-rupestre.fr\/site\/wp-json\/wp\/v2\/pages\/144","targetHints":{"allow":["GET"]}}],"collection":[{"href":"https:\/\/www.ubaye-rupestre.fr\/site\/wp-json\/wp\/v2\/pages"}],"about":[{"href":"https:\/\/www.ubaye-rupestre.fr\/site\/wp-json\/wp\/v2\/types\/page"}],"author":[{"embeddable":true,"href":"https:\/\/www.ubaye-rupestre.fr\/site\/wp-json\/wp\/v2\/users\/2"}],"replies":[{"embeddable":true,"href":"https:\/\/www.ubaye-rupestre.fr\/site\/wp-json\/wp\/v2\/comments?post=144"}],"version-history":[{"count":23,"href":"https:\/\/www.ubaye-rupestre.fr\/site\/wp-json\/wp\/v2\/pages\/144\/revisions"}],"predecessor-version":[{"id":1381,"href":"https:\/\/www.ubaye-rupestre.fr\/site\/wp-json\/wp\/v2\/pages\/144\/revisions\/1381"}],"wp:attachment":[{"href":"https:\/\/www.ubaye-rupestre.fr\/site\/wp-json\/wp\/v2\/media?parent=144"}],"curies":[{"name":"wp","href":"https:\/\/api.w.org\/{rel}","templated":true}]}}