{"id":1346,"date":"2025-02-02T09:12:04","date_gmt":"2025-02-02T09:12:04","guid":{"rendered":"https:\/\/www.ubaye-rupestre.fr\/site\/?page_id=1346"},"modified":"2025-03-17T16:27:59","modified_gmt":"2025-03-17T16:27:59","slug":"la-tacoure","status":"publish","type":"page","link":"https:\/\/www.ubaye-rupestre.fr\/site\/la-tacoure\/","title":{"rendered":"LA TACOURE"},"content":{"rendered":"<p>Ce modeste accessoire en bois dur, souvent marqu\u00e9 aux initiales de son proprietaire est g\u00e9n\u00e9ralement appel\u00e9 TACOURE ou TACOULE ou TACOUA, avec un nombre consid\u00e9rable de d\u00e9nominations locales et a \u00e9t\u00e9 largement utilis\u00e9 jusqu\u2019\u00e0 une \u00e9poque r\u00e9cente.<\/p>\n<p>Cette \u00ab\u00a0cl\u00e9\u00a0\u00bb, solidaire d\u2019un cordage ,poss\u00e8de plusieurs fonctions adapt\u00e9es aux charges port\u00e9es par les animaux de b\u00e2t\u00a0\u00a0:<\/p>\n<p>-On peut appliquer une tension des cordages beaucoup plus forte qu\u2019\u00e0 mains nues.<\/p>\n<p>-Cette pi\u00e8ce permet de bloquer le serrage de fa\u00e7on s\u00fbre et rapide et le desserrage en situation<\/p>\n<p>d\u2019urgence est facile.<\/p>\n<p>Ceci aurait un int\u00e9r\u00eat limit\u00e9 sans conna\u00eetre le Mode d\u2019emploi , report\u00e9 par Marcel Gaillard<\/p>\n<p>\u00ab\u00a0Un bout de la corde passe dans un trou et elle est retenue par un n\u0153ud.<\/p>\n<p>L\u2019autre bout libre passe dans le second trou.<\/p>\n<p>Pour serrer la charge on tire sur le bout libre et on arr\u00eate ce dernier en faisant une simple boucle autour du bout pointu de la tacua.<\/p>\n<p>On retient la corde pendant cette op\u00e9ration par SON DOIGT MOUILLE de salive, introduit dans le trou ou coulisse la corde\u00a0\u00ab\u00a0<\/p>\n<p>On retrouve des copies de cette invention dans divers accessoires actuels de camping ou de marine.<\/p>\n<p>On soulignera l\u2019importance du d\u00e9tail qui fait que l\u2019outil, l\u2019agencement est utilis\u00e9 de fa\u00e7on optimale\u00a0: le \u00ab\u00a0doigt mouill\u00e9\u00a0\u00bb&#8230;tous les bricoleurs finissent par apprendre que le respect des d\u00e9tails permet d\u2019optimiser l\u2019efficacit\u00e9.<\/p>\n\n<div class=\"wp-block-image\">\n<figure class=\"aligncenter size-full\"><a href=\"https:\/\/www.ubaye-rupestre.fr\/site\/conclusion\/\"><img loading=\"lazy\" decoding=\"async\" width=\"150\" height=\"67\" src=\"https:\/\/www.ubaye-rupestre.fr\/site\/wp-content\/uploads\/2012\/06\/next-1501.gif\" alt=\"\" class=\"wp-image-127\"\/><\/a><\/figure><\/div>","protected":false},"excerpt":{"rendered":"<p>Ce modeste accessoire en bois dur, souvent marqu\u00e9 aux initiales de son proprietaire est g\u00e9n\u00e9ralement appel\u00e9 TACOURE ou TACOULE ou TACOUA, avec un nombre consid\u00e9rable de d\u00e9nominations locales et a \u00e9t\u00e9 largement utilis\u00e9 jusqu\u2019\u00e0 une \u00e9poque r\u00e9cente. Cette \u00ab\u00a0cl\u00e9\u00a0\u00bb, solidaire &hellip; <a href=\"https:\/\/www.ubaye-rupestre.fr\/site\/la-tacoure\/\">Continuer la lecture <span class=\"meta-nav\">&rarr;<\/span><\/a><\/p>\n","protected":false},"author":1,"featured_media":0,"parent":0,"menu_order":0,"comment_status":"closed","ping_status":"closed","template":"","meta":{"footnotes":""},"class_list":["post-1346","page","type-page","status-publish","hentry"],"_links":{"self":[{"href":"https:\/\/www.ubaye-rupestre.fr\/site\/wp-json\/wp\/v2\/pages\/1346","targetHints":{"allow":["GET"]}}],"collection":[{"href":"https:\/\/www.ubaye-rupestre.fr\/site\/wp-json\/wp\/v2\/pages"}],"about":[{"href":"https:\/\/www.ubaye-rupestre.fr\/site\/wp-json\/wp\/v2\/types\/page"}],"author":[{"embeddable":true,"href":"https:\/\/www.ubaye-rupestre.fr\/site\/wp-json\/wp\/v2\/users\/1"}],"replies":[{"embeddable":true,"href":"https:\/\/www.ubaye-rupestre.fr\/site\/wp-json\/wp\/v2\/comments?post=1346"}],"version-history":[{"count":6,"href":"https:\/\/www.ubaye-rupestre.fr\/site\/wp-json\/wp\/v2\/pages\/1346\/revisions"}],"predecessor-version":[{"id":1581,"href":"https:\/\/www.ubaye-rupestre.fr\/site\/wp-json\/wp\/v2\/pages\/1346\/revisions\/1581"}],"wp:attachment":[{"href":"https:\/\/www.ubaye-rupestre.fr\/site\/wp-json\/wp\/v2\/media?parent=1346"}],"curies":[{"name":"wp","href":"https:\/\/api.w.org\/{rel}","templated":true}]}}