{"id":1340,"date":"2025-02-02T09:09:27","date_gmt":"2025-02-02T09:09:27","guid":{"rendered":"https:\/\/www.ubaye-rupestre.fr\/site\/?page_id=1340"},"modified":"2025-02-02T11:33:17","modified_gmt":"2025-02-02T11:33:17","slug":"les-caracteres-generaux-de-linventivite","status":"publish","type":"page","link":"https:\/\/www.ubaye-rupestre.fr\/site\/les-caracteres-generaux-de-linventivite\/","title":{"rendered":"LES CARACTERES GENERAUX DE L\u2019INVENTIVITE"},"content":{"rendered":"\n<p><strong>1-TOUT PEUT SERVIR&nbsp;:<\/strong><\/p>\n\n\n\n<p>J.P CHABROL a document\u00e9 a de multiples reprises&nbsp;, ce qui a amen\u00e9 les pauvres, de nombreux paysans, \u00e0 accumuler tout ce qui pouvait se conserver et, de leur point de vue, avoir, un jour \u2026,une utilit\u00e9.<\/p>\n\n\n\n<p>2<strong>-DES AUTODIDACTES&nbsp;:<\/strong><\/p>\n\n\n\n<p>-La d\u00e9marche est le plus souvent individuelle, induite par la n\u00e9cessit\u00e9&nbsp;; avec des exceptions les am\u00e9nagements \u00ab&nbsp;lourds&nbsp;\u00bb&nbsp;:<\/p>\n\n\n\n<p>rigoles d\u2019arrosage,chemins\u2026&nbsp;,n\u00e9cessairement collectifs dans leur cr\u00e9ation,leur entretien et leur gestion.<\/p>\n\n\n\n<p>-Il n\u2019y a nul souci de p\u00e9rennit\u00e9&nbsp;:<\/p>\n\n\n\n<p>Toute invention durable sera per\u00e7ue comme une chance inattendue.<\/p>\n\n\n\n<p>-Il n\u2019y a aucune raison de faire \u00e9cole, de vouloir transmettre un savoir&nbsp;; car on op\u00e8re avec un empirisme solide ,et le souci d\u2019aller vite ,sans consid\u00e9rer l\u2019\u00e9ventualit\u00e9 d\u2019une n\u00e9cessaire r\u00e9p\u00e9tition.\u2026<\/p>\n\n\n\n<p>Il faut souligner que l\u2019empirisme est \u00e0 la base de beaucoup plus de choses qui fonctionnent, que ce qui est effectivement issu de la \u00ab&nbsp;Science&nbsp;\u00bb.<\/p>\n\n\n\n<p>Et, \u00e0 titre d\u2019exemple, si on consid\u00e8re les Brevets, dans l\u2019industrie textile&nbsp;,au XXe Si\u00e8cle&nbsp;: 40&nbsp;% sont le fait de \u00ab&nbsp;non-ing\u00e9nieurs&nbsp;\u00bb.<\/p>\n\n\n\n<p>Le paradoxe p\u00e9dagogique consiste, \u00e0 post\u00e9riori, a vous expliquer pourquoi \u00ab&nbsp;\u00e7a a march\u00e9&nbsp;\u00bb&nbsp;; tandis que l\u2019empirique proc\u00e8de \u00ab&nbsp;\u00e0 t\u00e2tons&nbsp;\u00bb et sait plus ou moins exploiter ses multiples \u00e9checs.<br><br><strong>L\u2019exploitation de l\u2019\u00e9chec est le carburant de l\u2019innovation.<\/strong><\/p>\n\n\n\n<p>De ce fait l\u2019inventeur, contrairement \u00e0 ce qu\u2019affirment po\u00e8tes et ethnologues , ne tire g\u00e9n\u00e9ralement aucune fiert\u00e9 particuli\u00e8re de ce qu\u2019il a obtenu, m\u00eame s\u2019il constate que \u00ab&nbsp;\u00e7a marche&nbsp;\u00bb.<\/p>\n\n\n\n<p>3<strong>-LE SENS DE L\u2019EFFICACITE<\/strong><\/p>\n\n\n\n<p>-L\u2019esth\u00e9tisme, tel que nous le con\u00e7evons est le cadet des soucis de l\u2019inventeur, m\u00eame s\u2019il s\u2019offre de temps en temps le luxe de l\u2019inutile&nbsp;: un d\u00e9cor, par exemple ou encore, fait preuve d\u2019humour.<\/p>\n\n\n\n<p>-La notion,la contrainte du temps \u00e0 consacrer \u00e0 l\u2019invention est consid\u00e9r\u00e9e comme n\u00e9gligeable.<\/p>\n\n\n\n<p>-On est face en quelque sorte a ce que le marin sait faire&nbsp;: \u00ab&nbsp;naviguer \u00e0 vue&nbsp;\u00bb&nbsp;; et c\u2019est souvent efficace.<\/p>\n\n\n\n<p>Cela se rapproche de cette antienne&nbsp;: de ces \u00ab&nbsp;artisans de la pr\u00e9histoire qui n\u2019avaient pas conscience d\u2019\u00eatre des artistes&nbsp;\u00bb ..;et de ces d\u00e9couvreurs qui ne mesuraient pas leur intelligence.<\/p>\n\n\n\n<p>Un exemple d\u2019\u00e9nigme pour les \u00ab&nbsp;modernes&nbsp;\u00bb c\u2019est l\u2019examen de l\u2019outillage qui nous para\u00eet grossier, lourd.<\/p>\n\n\n\n<p>Les marteaux anciens&nbsp;: massifs, lourds\u2026&nbsp;;sont d\u00e9concertants&nbsp;: leurs utilisateurs n\u2019\u00e9taient probablement pas des athl\u00e8tes&#8230;mais ils avaient compris un principe efficace&nbsp;: celui de l\u2019inertie&nbsp;.<\/p>\n\n\n\n<p>Je ne suis pas certain que nos marteaux modernes, si l\u00e9gers, offrent un bilan \u00e9nerg\u00e9tique am\u00e9lior\u00e9\u2026<\/p>\n\n\n\n<p>4<strong>-L\u2019IMAGE&nbsp;:<\/strong><\/p>\n\n\n\n<p>Il y a une image traditionnelle et caricaturale des ruraux&nbsp;: le conservatisme.<\/p>\n\n\n\n<p>Il est exact que lorsque quelque-chose fonctionne, m\u00eame m\u00e9diocrement, et dans quelque activit\u00e9 que ce soit, on \u00e9vite soigneusement d\u2019y toucher.<\/p>\n\n\n\n<p>Et on doit bien reconna\u00eetre que dans de nombreux cas, on ne sait pas exactement pourquoi \u00ab&nbsp;cela fonctionne&nbsp;\u00bb&nbsp;; plus pr\u00e9cis\u00e9ment l\u2019existence du maillon faible d\u2019un dispositif, est plus ou mois inconnue.<\/p>\n\n\n\n<p>En conclusion&nbsp;: il est r\u00e9jouissant d\u2019observer des gens simples qui ne se r\u00e9signent pas, qui se battent , qui savent se montrer solidaires et qui n\u2019attendent pas une providentielle aide ext\u00e9rieure.<\/p>\n\n\n<div class=\"wp-block-image\">\n<figure class=\"aligncenter size-full\"><a href=\"https:\/\/www.ubaye-rupestre.fr\/site\/itineraire-de-decouverte\/\"><img loading=\"lazy\" decoding=\"async\" width=\"150\" height=\"67\" src=\"https:\/\/www.ubaye-rupestre.fr\/site\/wp-content\/uploads\/2012\/06\/next-1501.gif\" alt=\"\" class=\"wp-image-127\"\/><\/a><\/figure><\/div>","protected":false},"excerpt":{"rendered":"<p>1-TOUT PEUT SERVIR&nbsp;: J.P CHABROL a document\u00e9 a de multiples reprises&nbsp;, ce qui a amen\u00e9 les pauvres, de nombreux paysans, \u00e0 accumuler tout ce qui pouvait se conserver et, de leur point de vue, avoir, un jour \u2026,une utilit\u00e9. 2-DES &hellip; <a href=\"https:\/\/www.ubaye-rupestre.fr\/site\/les-caracteres-generaux-de-linventivite\/\">Continuer la lecture <span class=\"meta-nav\">&rarr;<\/span><\/a><\/p>\n","protected":false},"author":1,"featured_media":0,"parent":0,"menu_order":0,"comment_status":"closed","ping_status":"closed","template":"","meta":{"footnotes":""},"class_list":["post-1340","page","type-page","status-publish","hentry"],"_links":{"self":[{"href":"https:\/\/www.ubaye-rupestre.fr\/site\/wp-json\/wp\/v2\/pages\/1340","targetHints":{"allow":["GET"]}}],"collection":[{"href":"https:\/\/www.ubaye-rupestre.fr\/site\/wp-json\/wp\/v2\/pages"}],"about":[{"href":"https:\/\/www.ubaye-rupestre.fr\/site\/wp-json\/wp\/v2\/types\/page"}],"author":[{"embeddable":true,"href":"https:\/\/www.ubaye-rupestre.fr\/site\/wp-json\/wp\/v2\/users\/1"}],"replies":[{"embeddable":true,"href":"https:\/\/www.ubaye-rupestre.fr\/site\/wp-json\/wp\/v2\/comments?post=1340"}],"version-history":[{"count":3,"href":"https:\/\/www.ubaye-rupestre.fr\/site\/wp-json\/wp\/v2\/pages\/1340\/revisions"}],"predecessor-version":[{"id":1577,"href":"https:\/\/www.ubaye-rupestre.fr\/site\/wp-json\/wp\/v2\/pages\/1340\/revisions\/1577"}],"wp:attachment":[{"href":"https:\/\/www.ubaye-rupestre.fr\/site\/wp-json\/wp\/v2\/media?parent=1340"}],"curies":[{"name":"wp","href":"https:\/\/api.w.org\/{rel}","templated":true}]}}