{"id":1335,"date":"2025-02-02T09:06:12","date_gmt":"2025-02-02T09:06:12","guid":{"rendered":"https:\/\/www.ubaye-rupestre.fr\/site\/?page_id=1335"},"modified":"2025-02-02T10:42:50","modified_gmt":"2025-02-02T10:42:50","slug":"introduction","status":"publish","type":"page","link":"https:\/\/www.ubaye-rupestre.fr\/site\/introduction\/","title":{"rendered":"L\u2019INVENTIVITE RURALE EN HAUTE-PROVENCE-UBAYE"},"content":{"rendered":"\n<p>L\u2019\u00e9tude des traces grav\u00e9es en Ubaye est indissociable de celle des activit\u00e9s humaines dans cette r\u00e9gion.<\/p>\n\n\n\n<p>Ces activites font face \u00e0 deux contraintes&nbsp;: la pauvret\u00e9 et la rudesse des conditions de survie.<\/p>\n\n\n\n<p>Dans un contexte difficile&nbsp;:l\u2019individu capitule, s\u2019en va&nbsp;; ou bien se bat\u2026<\/p>\n\n\n\n<p>A ce titre, l\u2019\u00e9migration rel\u00e8ve aussi de l\u2019inventivit\u00e9, en particulier par son caract\u00e8re de pari sur le pays d\u2019accueil , sur l\u2019avenir.<\/p>\n\n\n\n<p>L\u2019inventivit\u00e9 est indissociable de l\u2019acceptation d\u2019un risque.<\/p>\n\n\n\n<p>Trop peu de chercheurs ont pr\u00eat\u00e9 attention \u00e0 des traces, des documents, pr\u00e9matur\u00e9ment class\u00e9s comme des \u00ab&nbsp;curiosit\u00e9s&nbsp;\u00bb, des passe-temps de d\u00e9soeuvr\u00e9s ou encore l\u2019oeuvre de simplets, en oubliant la n\u00e9cessit\u00e9.<\/p>\n\n\n\n<p>Pierre Martel, dans&nbsp;:<\/p>\n\n\n\n<p>\u00ab&nbsp;L\u2019Invention Rurale&nbsp;\u00bb -N\u00b0s 69\/70 de la Revue des Alpes de Lumi\u00e8re-1980-<\/p>\n\n\n\n<p>tente de nous faire saisir l\u2019int\u00e9r\u00eat de ces produits con\u00e7us et \u00e9labor\u00e9s sous la pression de la n\u00e9cessit\u00e9, souvent dans l\u2019urgence et consid\u00e9rablement \u00e9loign\u00e9s des produits des \u00ab&nbsp;primitifs&nbsp;\u00bb de Levi-Strauss, des bricoleurs, des \u00ab&nbsp;originaux&nbsp;\u00bb et autodidactes m\u00e9pris\u00e9s, incompris.<\/p>\n\n\n\n<p><strong>\u00ab&nbsp;Le patrimoine rural est un capital qui commence \u00e0 peine \u00e0 int\u00e9resser nos contemporains&#8230;derri\u00e8re un paysage de structures, un th\u00e9atre de personnes et un magasin d\u2019accessoires pittoresques,il apporte un capital d\u2019id\u00e9es&nbsp;: celles qui ont permis \u00e0 l\u2019homme de cr\u00e9er en permanence son \u00ab&nbsp;n\u00e9cessaire&nbsp;\u00bb, et cela,sans grands moyens, dans un monde hostile et \u00e0 la fois g\u00e9n\u00e9reux, qu\u2019il a su domestiquer \u00e0 leur profit mutuel.<\/strong><\/p>\n\n\n\n<p><strong>L\u2019\u00e9tude de ce patrimoine, dans ce qu\u2019il a de plus humble et de plus quotidien, nous donne l\u2019image d\u2019un peuple,non pas fig\u00e9, mais en initiative permanente.<br><br>Ce n\u2019est pas un monde parfait, \u00e0 proposer comme un exemple \u00e0 reproduire demain.<\/strong><\/p>\n\n\n\n<p><strong>Mais il nous apporte des principes et des techniques dont il faudra bien s\u2019inspirer pour donner un au-del\u00e0 \u00e0 la soci\u00e9t\u00e9 de gaspillage qui est la n\u00f4tre\u2026<\/strong><\/p>\n\n\n\n<p><strong>Nous nous proposons de valoriser cette soci\u00e9t\u00e9 rurale d\u2019hier,jusqu\u2019\u00e0 pr\u00e9sent tant d\u00e9cri\u00e9e ou reni\u00e9e, et cela, non pas en alignant des s\u00e9ries d\u2019objets s\u00e9lectionn\u00e9s pour leur int\u00e9r\u00eat artistique, pittoresque ou technique,non pas en donnant des recettes \u00e0 ceux de nos contemporains qui entendraient revenir \u00e0 la civilisation de la ch\u00e8vre et de la besace, mais en proposant quelques r\u00e9flexions sur la signification sociologique et culturelle d\u2019un pass\u00e9 qui a vocation \u00e0 nous faire r\u00e9fl\u00e9chir, sur le chemin de l\u2019Apocalypse.<\/strong><\/p>\n\n\n\n<p><strong>Un regard attentif sur ce pass\u00e9 d\u00e9j\u00e0 si lointain et pourtant encore si proche, peut nous amener \u00e0 remettre en question beaucoup d\u2019id\u00e9es re\u00e7ues sur la distinction un peu arbitraire que l\u2019on a faite entre les \u00ab&nbsp;civilisations mineures&nbsp;\u00bb et les \u00ab&nbsp;civilisations avanc\u00e9es&nbsp;\u00bb, ou en tous cas leur in\u00e9gal int\u00e9r\u00eat.<\/strong><\/p>\n\n\n\n<p><strong>Ce regard est port\u00e9 depuis la Haute-Provence&nbsp;\u00bb &nbsp;; il est possible qu\u2019il aille bien au-del\u00e0&#8230;&nbsp;\u00bb<\/strong><\/p>\n\n\n\n<p><strong>P.Martel<\/strong><\/p>\n\n\n\n<p>Traiter un tel sujet suppose d\u2019avoir \u00e9t\u00e9 dans la situation du cr\u00e9atif ,par n\u00e9cessit\u00e9, et tout le monde se trouve a un moment ou un autre, confront\u00e9 \u00e0 l\u2019obligation d\u2019improviser \u00e0 partir de ce que l\u2019on a sous la main.<\/p>\n\n\n\n<p>(Denis Boulb\u00e8s&nbsp;: \u00ab&nbsp;Les moyens du bord&nbsp;\u00bb-Cheminements-2006-)<\/p>\n\n\n\n<p>Traiter de l\u2019inventivit\u00e9 sans mentionner les travaux de Claude LEVI-STRAUSS&nbsp;: \u00ab&nbsp;La pens\u00e9e&nbsp;sauvage&nbsp;\u00bb ,est quasiment impossible.<\/p>\n\n\n\n<p>L\u2019auteur inaugure son propos par une citation incompl\u00e8te de Balzac,<\/p>\n\n\n\n<p>in \u00ab&nbsp;Le Cabinet des antiques&nbsp;\u00bb&nbsp;:<\/p>\n\n\n\n<p><em><strong>\u00ab&nbsp;Il n\u2019y a rien au monde que les sauvages , les paysans et les gens de province pour \u00e9tudier \u00e0 fond leurs affaires dans tous les sens&nbsp;; aussi quand ils arrivent de la pens\u00e9e au fait, trouvez-vous les choses compl\u00e8tes.&nbsp;\u00bb<\/strong><\/em><\/p>\n\n\n\n<p>Il est ici hors de propos de comparer l\u2019ing\u00e9nieur, le bricoleur, le primitif&nbsp;; et l\u2019inventeur&nbsp;.<\/p>\n\n\n\n<p>Plus int\u00e9ressante est la dynamique de la d\u00e9marche comme le soulignait un sp\u00e9cialiste des plans d\u2019exp\u00e9rience&nbsp;\u00bb(*)<\/p>\n\n\n\n<p><em><strong>\u00ab&nbsp;Face \u00e0 un probl\u00e8me, oubliez vos strat\u00e9gies du quotidien et raisonnez comme, si, au lieu d\u2019\u00eatre a votre travail, vous \u00eatiez chez vous , un dimanche, avec le souci de r\u00e9gler le probl\u00e8me comme un paresseux intelligent&nbsp;\u00bb<\/strong><\/em><\/p>\n\n\n\n<p>(*) L\u2019emploi de l\u2019outil statistique pour g\u00e9rer un probl\u00e8me aux multiples param\u00e8tres de la fa\u00e7on la plus s\u00fbre et la plus rapide.<\/p>\n\n\n<div class=\"wp-block-image\">\n<figure class=\"aligncenter size-full\"><a href=\"https:\/\/www.ubaye-rupestre.fr\/site\/les-caracteres-generaux-de-linventivite\/\"><img loading=\"lazy\" decoding=\"async\" width=\"150\" height=\"67\" src=\"https:\/\/www.ubaye-rupestre.fr\/site\/wp-content\/uploads\/2012\/06\/next-1501.gif\" alt=\"\" class=\"wp-image-127\"\/><\/a><\/figure><\/div>\n\n\n<p><\/p>\n","protected":false},"excerpt":{"rendered":"<p>L\u2019\u00e9tude des traces grav\u00e9es en Ubaye est indissociable de celle des activit\u00e9s humaines dans cette r\u00e9gion. Ces activites font face \u00e0 deux contraintes&nbsp;: la pauvret\u00e9 et la rudesse des conditions de survie. Dans un contexte difficile&nbsp;:l\u2019individu capitule, s\u2019en va&nbsp;; ou &hellip; <a href=\"https:\/\/www.ubaye-rupestre.fr\/site\/introduction\/\">Continuer la lecture <span class=\"meta-nav\">&rarr;<\/span><\/a><\/p>\n","protected":false},"author":1,"featured_media":0,"parent":0,"menu_order":0,"comment_status":"closed","ping_status":"closed","template":"","meta":{"footnotes":""},"class_list":["post-1335","page","type-page","status-publish","hentry"],"_links":{"self":[{"href":"https:\/\/www.ubaye-rupestre.fr\/site\/wp-json\/wp\/v2\/pages\/1335","targetHints":{"allow":["GET"]}}],"collection":[{"href":"https:\/\/www.ubaye-rupestre.fr\/site\/wp-json\/wp\/v2\/pages"}],"about":[{"href":"https:\/\/www.ubaye-rupestre.fr\/site\/wp-json\/wp\/v2\/types\/page"}],"author":[{"embeddable":true,"href":"https:\/\/www.ubaye-rupestre.fr\/site\/wp-json\/wp\/v2\/users\/1"}],"replies":[{"embeddable":true,"href":"https:\/\/www.ubaye-rupestre.fr\/site\/wp-json\/wp\/v2\/comments?post=1335"}],"version-history":[{"count":5,"href":"https:\/\/www.ubaye-rupestre.fr\/site\/wp-json\/wp\/v2\/pages\/1335\/revisions"}],"predecessor-version":[{"id":1568,"href":"https:\/\/www.ubaye-rupestre.fr\/site\/wp-json\/wp\/v2\/pages\/1335\/revisions\/1568"}],"wp:attachment":[{"href":"https:\/\/www.ubaye-rupestre.fr\/site\/wp-json\/wp\/v2\/media?parent=1335"}],"curies":[{"name":"wp","href":"https:\/\/api.w.org\/{rel}","templated":true}]}}